{"id":157,"date":"2025-10-29T21:11:41","date_gmt":"2025-10-29T21:11:41","guid":{"rendered":"https:\/\/maestria.ec\/webinar\/?page_id=157"},"modified":"2025-10-29T21:20:42","modified_gmt":"2025-10-29T21:20:42","slug":"memoria","status":"publish","type":"page","link":"https:\/\/maestria.ec\/webinar\/memoria\/","title":{"rendered":"Memoria"},"content":{"rendered":"\t\t<div data-elementor-type=\"wp-page\" data-elementor-id=\"157\" class=\"elementor elementor-157\" data-elementor-post-type=\"page\">\n\t\t\t\t<div class=\"elementor-element elementor-element-a87862b e-flex e-con-boxed e-con e-parent\" data-id=\"a87862b\" data-element_type=\"container\" data-settings=\"{&quot;background_background&quot;:&quot;classic&quot;}\">\n\t\t\t\t\t<div class=\"e-con-inner\">\n\t\t<div class=\"elementor-element elementor-element-5ae74fd e-con-full e-flex e-con e-child\" data-id=\"5ae74fd\" data-element_type=\"container\">\n\t\t<div class=\"elementor-element elementor-element-2869bf4 e-con-full e-flex e-con e-child\" data-id=\"2869bf4\" data-element_type=\"container\">\n\t\t\t\t<div class=\"elementor-element elementor-element-3743c1a elementor-widget elementor-widget-image\" data-id=\"3743c1a\" data-element_type=\"widget\" data-widget_type=\"image.default\">\n\t\t\t\t\t\t\t\t\t\t\t\t\t\t\t<img fetchpriority=\"high\" decoding=\"async\" width=\"800\" height=\"320\" src=\"https:\/\/maestria.ec\/webinar\/wp-content\/uploads\/2025\/10\/Mesa-de-trabajo-4-copia@4x-1024x410.png\" class=\"attachment-large size-large wp-image-120\" alt=\"\" srcset=\"https:\/\/maestria.ec\/webinar\/wp-content\/uploads\/2025\/10\/Mesa-de-trabajo-4-copia@4x-1024x410.png 1024w, https:\/\/maestria.ec\/webinar\/wp-content\/uploads\/2025\/10\/Mesa-de-trabajo-4-copia@4x-300x120.png 300w, https:\/\/maestria.ec\/webinar\/wp-content\/uploads\/2025\/10\/Mesa-de-trabajo-4-copia@4x-768x308.png 768w, https:\/\/maestria.ec\/webinar\/wp-content\/uploads\/2025\/10\/Mesa-de-trabajo-4-copia@4x-1536x615.png 1536w, https:\/\/maestria.ec\/webinar\/wp-content\/uploads\/2025\/10\/Mesa-de-trabajo-4-copia@4x-2048x820.png 2048w\" sizes=\"(max-width: 800px) 100vw, 800px\" \/>\t\t\t\t\t\t\t\t\t\t\t\t\t\t\t<\/div>\n\t\t\t\t<div class=\"elementor-element elementor-element-cd2b296 animated-slow elementor-invisible elementor-widget elementor-widget-heading\" data-id=\"cd2b296\" data-element_type=\"widget\" data-settings=\"{&quot;_animation&quot;:&quot;slideInUp&quot;}\" data-widget_type=\"heading.default\">\n\t\t\t\t\t<h2 class=\"elementor-heading-title elementor-size-default\">Transmisi\u00f3n <\/h2>\t\t\t\t<\/div>\n\t\t\t\t<div class=\"elementor-element elementor-element-d655ba6 elementor-widget elementor-widget-text-editor\" data-id=\"d655ba6\" data-element_type=\"widget\" data-widget_type=\"text-editor.default\">\n\t\t\t\t\t\t\t\t\t<p>Memoria de Webinar<\/p>\t\t\t\t\t\t\t\t<\/div>\n\t\t\t\t<\/div>\n\t\t<div class=\"elementor-element elementor-element-83119b5 e-grid e-con-full e-con e-child\" data-id=\"83119b5\" data-element_type=\"container\">\n\t\t\t\t<div class=\"elementor-element elementor-element-972b0bc elementor-widget elementor-widget-video\" data-id=\"972b0bc\" data-element_type=\"widget\" data-settings=\"{&quot;youtube_url&quot;:&quot;https:\\\/\\\/www.youtube.com\\\/watch?v=lWT9nivl6LU&quot;,&quot;video_type&quot;:&quot;youtube&quot;,&quot;controls&quot;:&quot;yes&quot;}\" data-widget_type=\"video.default\">\n\t\t\t\t\t\t\t<div class=\"elementor-wrapper elementor-open-inline\">\n\t\t\t<div class=\"elementor-video\"><\/div>\t\t<\/div>\n\t\t\t\t\t\t<\/div>\n\t\t\t\t<div class=\"elementor-element elementor-element-e07353b elementor-widget elementor-widget-video\" data-id=\"e07353b\" data-element_type=\"widget\" data-settings=\"{&quot;youtube_url&quot;:&quot;https:\\\/\\\/www.youtube.com\\\/watch?v=KQWhvEKzijk&quot;,&quot;video_type&quot;:&quot;youtube&quot;,&quot;controls&quot;:&quot;yes&quot;}\" data-widget_type=\"video.default\">\n\t\t\t\t\t\t\t<div class=\"elementor-wrapper elementor-open-inline\">\n\t\t\t<div class=\"elementor-video\"><\/div>\t\t<\/div>\n\t\t\t\t\t\t<\/div>\n\t\t\t\t<div class=\"elementor-element elementor-element-2c89cde elementor-widget elementor-widget-video\" data-id=\"2c89cde\" data-element_type=\"widget\" data-settings=\"{&quot;youtube_url&quot;:&quot;https:\\\/\\\/www.youtube.com\\\/watch?v=no5XE-dbRmI&quot;,&quot;video_type&quot;:&quot;youtube&quot;,&quot;controls&quot;:&quot;yes&quot;}\" data-widget_type=\"video.default\">\n\t\t\t\t\t\t\t<div class=\"elementor-wrapper elementor-open-inline\">\n\t\t\t<div class=\"elementor-video\"><\/div>\t\t<\/div>\n\t\t\t\t\t\t<\/div>\n\t\t\t\t<div class=\"elementor-element elementor-element-5833a4d elementor-widget elementor-widget-video\" data-id=\"5833a4d\" data-element_type=\"widget\" data-settings=\"{&quot;youtube_url&quot;:&quot;https:\\\/\\\/www.youtube.com\\\/watch?v=mZh3_yaw7ow&quot;,&quot;video_type&quot;:&quot;youtube&quot;,&quot;controls&quot;:&quot;yes&quot;}\" data-widget_type=\"video.default\">\n\t\t\t\t\t\t\t<div class=\"elementor-wrapper elementor-open-inline\">\n\t\t\t<div class=\"elementor-video\"><\/div>\t\t<\/div>\n\t\t\t\t\t\t<\/div>\n\t\t\t\t<div class=\"elementor-element elementor-element-389bc70 elementor-widget elementor-widget-video\" data-id=\"389bc70\" data-element_type=\"widget\" data-settings=\"{&quot;youtube_url&quot;:&quot;https:\\\/\\\/www.youtube.com\\\/watch?v=iio_mTT7N2c&quot;,&quot;video_type&quot;:&quot;youtube&quot;,&quot;controls&quot;:&quot;yes&quot;}\" data-widget_type=\"video.default\">\n\t\t\t\t\t\t\t<div class=\"elementor-wrapper elementor-open-inline\">\n\t\t\t<div class=\"elementor-video\"><\/div>\t\t<\/div>\n\t\t\t\t\t\t<\/div>\n\t\t\t\t<div class=\"elementor-element elementor-element-fa3dd43 elementor-widget elementor-widget-video\" data-id=\"fa3dd43\" data-element_type=\"widget\" data-settings=\"{&quot;youtube_url&quot;:&quot;https:\\\/\\\/www.youtube.com\\\/watch?v=ycocj-zJ3Ew&quot;,&quot;video_type&quot;:&quot;youtube&quot;,&quot;controls&quot;:&quot;yes&quot;}\" data-widget_type=\"video.default\">\n\t\t\t\t\t\t\t<div class=\"elementor-wrapper elementor-open-inline\">\n\t\t\t<div class=\"elementor-video\"><\/div>\t\t<\/div>\n\t\t\t\t\t\t<\/div>\n\t\t\t\t<\/div>\n\t\t\t\t<\/div>\n\t\t\t\t\t<\/div>\n\t\t\t\t<\/div>\n\t\t<div class=\"elementor-element elementor-element-668b799f e-flex e-con-boxed e-con e-parent\" data-id=\"668b799f\" data-element_type=\"container\" data-settings=\"{&quot;background_background&quot;:&quot;classic&quot;}\">\n\t\t\t\t\t<div class=\"e-con-inner\">\n\t\t\t\t<div class=\"elementor-element elementor-element-88c21d7 elementor-widget elementor-widget-spacer\" data-id=\"88c21d7\" data-element_type=\"widget\" data-widget_type=\"spacer.default\">\n\t\t\t\t\t\t\t<div class=\"elementor-spacer\">\n\t\t\t<div class=\"elementor-spacer-inner\"><\/div>\n\t\t<\/div>\n\t\t\t\t\t\t<\/div>\n\t\t<div class=\"elementor-element elementor-element-7ac4f596 e-flex e-con-boxed e-con e-child\" data-id=\"7ac4f596\" data-element_type=\"container\">\n\t\t\t\t\t<div class=\"e-con-inner\">\n\t\t\t\t<div class=\"elementor-element elementor-element-5a05921 elementor-widget elementor-widget-image\" data-id=\"5a05921\" data-element_type=\"widget\" data-widget_type=\"image.default\">\n\t\t\t\t\t\t\t\t\t\t\t\t\t\t\t<img fetchpriority=\"high\" decoding=\"async\" width=\"800\" height=\"320\" src=\"https:\/\/maestria.ec\/webinar\/wp-content\/uploads\/2025\/10\/Mesa-de-trabajo-4-copia@4x-1024x410.png\" class=\"attachment-large size-large wp-image-120\" alt=\"\" srcset=\"https:\/\/maestria.ec\/webinar\/wp-content\/uploads\/2025\/10\/Mesa-de-trabajo-4-copia@4x-1024x410.png 1024w, https:\/\/maestria.ec\/webinar\/wp-content\/uploads\/2025\/10\/Mesa-de-trabajo-4-copia@4x-300x120.png 300w, https:\/\/maestria.ec\/webinar\/wp-content\/uploads\/2025\/10\/Mesa-de-trabajo-4-copia@4x-768x308.png 768w, https:\/\/maestria.ec\/webinar\/wp-content\/uploads\/2025\/10\/Mesa-de-trabajo-4-copia@4x-1536x615.png 1536w, https:\/\/maestria.ec\/webinar\/wp-content\/uploads\/2025\/10\/Mesa-de-trabajo-4-copia@4x-2048x820.png 2048w\" sizes=\"(max-width: 800px) 100vw, 800px\" \/>\t\t\t\t\t\t\t\t\t\t\t\t\t\t\t<\/div>\n\t\t\t\t<div class=\"elementor-element elementor-element-4421a2fc animated-slow elementor-invisible elementor-widget elementor-widget-heading\" data-id=\"4421a2fc\" data-element_type=\"widget\" data-settings=\"{&quot;_animation&quot;:&quot;slideInUp&quot;}\" data-widget_type=\"heading.default\">\n\t\t\t\t\t<h2 class=\"elementor-heading-title elementor-size-default\">Ciclo de Webinars: del 10 al 31 de Octubre<\/h2>\t\t\t\t<\/div>\n\t\t\t\t<div class=\"elementor-element elementor-element-7a03e8da animated-slow elementor-invisible elementor-widget elementor-widget-heading\" data-id=\"7a03e8da\" data-element_type=\"widget\" data-settings=\"{&quot;_animation&quot;:&quot;slideInUp&quot;}\" data-widget_type=\"heading.default\">\n\t\t\t\t\t<h2 class=\"elementor-heading-title elementor-size-default\">Tendencias en<\/br> Comunicaci\u00f3n Estrat\u00e9gica y Audiovisual<\/h2>\t\t\t\t<\/div>\n\t\t\t\t<div class=\"elementor-element elementor-element-6e4c7a67 elementor-testimonial--skin-default elementor-testimonial--layout-image_inline elementor-testimonial--align-center elementor-pagination-type-bullets elementor-widget elementor-widget-testimonial-carousel\" data-id=\"6e4c7a67\" data-element_type=\"widget\" data-settings=\"{&quot;pagination&quot;:&quot;bullets&quot;,&quot;speed&quot;:500,&quot;autoplay&quot;:&quot;yes&quot;,&quot;autoplay_speed&quot;:5000,&quot;loop&quot;:&quot;yes&quot;,&quot;pause_on_hover&quot;:&quot;yes&quot;,&quot;space_between&quot;:{&quot;unit&quot;:&quot;px&quot;,&quot;size&quot;:10,&quot;sizes&quot;:[]},&quot;space_between_tablet&quot;:{&quot;unit&quot;:&quot;px&quot;,&quot;size&quot;:10,&quot;sizes&quot;:[]},&quot;space_between_mobile&quot;:{&quot;unit&quot;:&quot;px&quot;,&quot;size&quot;:10,&quot;sizes&quot;:[]}}\" data-widget_type=\"testimonial-carousel.default\">\n\t\t\t\t\t\t\t\t\t\t<div class=\"elementor-main-swiper swiper\" role=\"region\" aria-roledescription=\"carousel\" aria-label=\"Diapositivas\">\n\t\t\t\t<div class=\"swiper-wrapper\">\n\t\t\t\t\t\t\t\t\t\t\t<div class=\"swiper-slide\" role=\"group\" aria-roledescription=\"slide\">\n\t\t\t\t\t\t\t\t\t<div class=\"elementor-testimonial\">\n\t\t\t\t\t\t\t<div class=\"elementor-testimonial__content\">\n\t\t\t\t\t<div class=\"elementor-testimonial__text\">\n\t\t\t\t\t\tAprende con expertos sobre comunicaci\u00f3n digital, producci\u00f3n audiovisual y marketing inteligente.\t\t\t\t\t<\/div>\n\t\t\t\t\t\t\t\t\t<\/div>\n\t\t\t\t\t\t<div class=\"elementor-testimonial__footer\">\n\t\t\t\t\t\t\t\t<cite class=\"elementor-testimonial__cite\"><span class=\"elementor-testimonial__title\">Beneficio 1<\/span><\/cite>\t\t\t<\/div>\n\t\t<\/div>\n\t\t\t\t\t\t\t\t<\/div>\n\t\t\t\t\t\t\t\t\t\t\t<div class=\"swiper-slide\" role=\"group\" aria-roledescription=\"slide\">\n\t\t\t\t\t\t\t\t\t<div class=\"elementor-testimonial\">\n\t\t\t\t\t\t\t<div class=\"elementor-testimonial__content\">\n\t\t\t\t\t<div class=\"elementor-testimonial__text\">\n\t\t\t\t\t\tDisfruta de acceso gratuito a webinars en vivo y conecta con profesionales del sector en un espacio ideal para aprender, compartir y ampliar tu red de contactos.\t\t\t\t\t<\/div>\n\t\t\t\t\t\t\t\t\t<\/div>\n\t\t\t\t\t\t<div class=\"elementor-testimonial__footer\">\n\t\t\t\t\t\t\t\t<cite class=\"elementor-testimonial__cite\"><span class=\"elementor-testimonial__title\">Beneficio 2<\/span><\/cite>\t\t\t<\/div>\n\t\t<\/div>\n\t\t\t\t\t\t\t\t<\/div>\n\t\t\t\t\t\t\t\t\t\t\t<div class=\"swiper-slide\" role=\"group\" aria-roledescription=\"slide\">\n\t\t\t\t\t\t\t\t\t<div class=\"elementor-testimonial\">\n\t\t\t\t\t\t\t<div class=\"elementor-testimonial__content\">\n\t\t\t\t\t<div class=\"elementor-testimonial__text\">\n\t\t\t\t\t\tAl participar en al menos 3 sesiones, recibe un certificado digital de asistencia que respalda tu formaci\u00f3n.\t\t\t\t\t<\/div>\n\t\t\t\t\t\t\t\t\t<\/div>\n\t\t\t\t\t\t<div class=\"elementor-testimonial__footer\">\n\t\t\t\t\t\t\t\t<cite class=\"elementor-testimonial__cite\"><span class=\"elementor-testimonial__title\">Beneficio 3<\/span><\/cite>\t\t\t<\/div>\n\t\t<\/div>\n\t\t\t\t\t\t\t\t<\/div>\n\t\t\t\t\t\t\t\t\t\t\t<div class=\"swiper-slide\" role=\"group\" aria-roledescription=\"slide\">\n\t\t\t\t\t\t\t\t\t<div class=\"elementor-testimonial\">\n\t\t\t\t\t\t\t<div class=\"elementor-testimonial__content\">\n\t\t\t\t\t<div class=\"elementor-testimonial__text\">\n\t\t\t\t\t\tConoce de primera mano la Maestr\u00eda en Comunicaci\u00f3n Estrat\u00e9gica Digital y Audiovisual de la UTMACH\t\t\t\t\t<\/div>\n\t\t\t\t\t\t\t\t\t<\/div>\n\t\t\t\t\t\t<div class=\"elementor-testimonial__footer\">\n\t\t\t\t\t\t\t\t<cite class=\"elementor-testimonial__cite\"><span class=\"elementor-testimonial__title\">Beneficio 4<\/span><\/cite>\t\t\t<\/div>\n\t\t<\/div>\n\t\t\t\t\t\t\t\t<\/div>\n\t\t\t\t\t\t\t\t\t<\/div>\n\t\t\t\t\t\t\t\t\t\t\t\t\t\t\t\t\t\t\t\t<div class=\"swiper-pagination\"><\/div>\n\t\t\t\t\t\t\t\t\t\t\t\t<\/div>\n\t\t\t\t\t\t\t\t<\/div>\n\t\t\t\t\t<\/div>\n\t\t\t\t<\/div>\n\t\t\t\t\t<\/div>\n\t\t\t\t<\/div>\n\t\t\t\t<\/div>\n\t\t","protected":false},"excerpt":{"rendered":"<p>Transmisi\u00f3n Memoria de Webinar https:\/\/www.youtube.com\/watch?v=lWT9nivl6LUhttps:\/\/www.youtube.com\/watch?v=KQWhvEKzijkhttps:\/\/www.youtube.com\/watch?v=no5XE-dbRmIhttps:\/\/www.youtube.com\/watch?v=mZh3_yaw7owhttps:\/\/www.youtube.com\/watch?v=iio_mTT7N2chttps:\/\/www.youtube.com\/watch?v=ycocj-zJ3Ew Ciclo de Webinars: del 10 al 31 de Octubre Tendencias en Comunicaci\u00f3n Estrat\u00e9gica y Audiovisual Aprende con expertos sobre comunicaci\u00f3n digital, producci\u00f3n audiovisual y marketing inteligente. Beneficio 1 Disfruta de acceso gratuito a webinars en vivo y conecta con profesionales del sector en un espacio ideal para aprender, compartir y [&hellip;]<\/p>\n","protected":false},"author":1,"featured_media":0,"parent":0,"menu_order":0,"comment_status":"closed","ping_status":"closed","template":"","meta":{"footnotes":""},"class_list":["post-157","page","type-page","status-publish","hentry"],"_links":{"self":[{"href":"https:\/\/maestria.ec\/webinar\/wp-json\/wp\/v2\/pages\/157","targetHints":{"allow":["GET"]}}],"collection":[{"href":"https:\/\/maestria.ec\/webinar\/wp-json\/wp\/v2\/pages"}],"about":[{"href":"https:\/\/maestria.ec\/webinar\/wp-json\/wp\/v2\/types\/page"}],"author":[{"embeddable":true,"href":"https:\/\/maestria.ec\/webinar\/wp-json\/wp\/v2\/users\/1"}],"replies":[{"embeddable":true,"href":"https:\/\/maestria.ec\/webinar\/wp-json\/wp\/v2\/comments?post=157"}],"version-history":[{"count":6,"href":"https:\/\/maestria.ec\/webinar\/wp-json\/wp\/v2\/pages\/157\/revisions"}],"predecessor-version":[{"id":163,"href":"https:\/\/maestria.ec\/webinar\/wp-json\/wp\/v2\/pages\/157\/revisions\/163"}],"wp:attachment":[{"href":"https:\/\/maestria.ec\/webinar\/wp-json\/wp\/v2\/media?parent=157"}],"curies":[{"name":"wp","href":"https:\/\/api.w.org\/{rel}","templated":true}]}}